{"id":2,"date":"2016-06-30T09:06:10","date_gmt":"2016-06-30T09:06:10","guid":{"rendered":"https:\/\/peritojudicialpsiquiatra.com\/informes-peritaje\/?page_id=2"},"modified":"2016-07-18T12:52:04","modified_gmt":"2016-07-18T10:52:04","slug":"pagina-ejemplo","status":"publish","type":"page","link":"https:\/\/peritojudicialpsiquiatra.com\/informes-peritaje\/","title":{"rendered":"Inicio"},"content":{"rendered":"<p>[et_pb_section admin_label=\u00bbsection\u00bb fullwidth=\u00bbon\u00bb specialty=\u00bboff\u00bb inner_shadow=\u00bboff\u00bb parallax=\u00bboff\u00bb][et_pb_fullwidth_slider admin_label=\u00bbFullwidth Slider\u00bb show_arrows=\u00bbon\u00bb show_pagination=\u00bbon\u00bb auto=\u00bbon\u00bb parallax=\u00bboff\u00bb auto_ignore_hover=\u00bboff\u00bb parallax_method=\u00bboff\u00bb remove_inner_shadow=\u00bboff\u00bb background_position=\u00bbdefault\u00bb background_size=\u00bbdefault\u00bb hide_content_on_mobile=\u00bboff\u00bb hide_cta_on_mobile=\u00bboff\u00bb show_image_video_mobile=\u00bboff\u00bb custom_button=\u00bboff\u00bb button_letter_spacing=\u00bb0&#8243; button_use_icon=\u00bbdefault\u00bb button_icon_placement=\u00bbright\u00bb button_on_hover=\u00bbon\u00bb button_letter_spacing_hover=\u00bb0&#8243; header_text_color=\u00bb#ffffff\u00bb auto_speed=\u00bb4000&#8243;] [et_pb_slide heading=\u00bbPeritoJudicialPsiquiatra.com\u00bb background_color=\u00bb#f7f7f7&#8243; alignment=\u00bbcenter\u00bb background_layout=\u00bbdark\u00bb background_image=\u00bbhttps:\/\/peritojudicialpsiquiatra.com\/informes-peritaje\/wp-content\/uploads\/2016\/06\/slider-1-1.jpg\u00bb background_position=\u00bbdefault\u00bb background_size=\u00bbdefault\u00bb use_bg_overlay=\u00bboff\u00bb use_text_overlay=\u00bbon\u00bb allow_player_pause=\u00bboff\u00bb text_border_radius=\u00bb3&#8243; header_font_select=\u00bbdefault\u00bb header_font=\u00bb||||\u00bb body_font_select=\u00bbdefault\u00bb body_font=\u00bb||||\u00bb custom_button=\u00bboff\u00bb button_font_select=\u00bbdefault\u00bb button_font=\u00bb||||\u00bb button_use_icon=\u00bbdefault\u00bb button_icon_placement=\u00bbright\u00bb button_on_hover=\u00bbon\u00bb text_overlay_color=\u00bbrgba(37,80,111,0.6)\u00bb body_font_size=\u00bb14&#8243; body_font_size_tablet=\u00bb14&#8243; body_font_size_phone=\u00bb14&#8243;] [\/et_pb_slide][et_pb_slide heading=\u00bbPeritoJudicialPsiquiatra.com\u00bb background_color=\u00bb#f7f7f7&#8243; alignment=\u00bbcenter\u00bb background_layout=\u00bbdark\u00bb background_image=\u00bbhttps:\/\/peritojudicialpsiquiatra.com\/informes-peritaje\/wp-content\/uploads\/2016\/06\/slider-4-4.jpg\u00bb background_position=\u00bbdefault\u00bb background_size=\u00bbdefault\u00bb use_bg_overlay=\u00bboff\u00bb use_text_overlay=\u00bbon\u00bb allow_player_pause=\u00bboff\u00bb text_border_radius=\u00bb3&#8243; header_font_select=\u00bbdefault\u00bb header_font=\u00bb||||\u00bb body_font_select=\u00bbdefault\u00bb body_font=\u00bb||||\u00bb custom_button=\u00bboff\u00bb button_font_select=\u00bbdefault\u00bb button_font=\u00bb||||\u00bb button_use_icon=\u00bbdefault\u00bb button_icon_placement=\u00bbright\u00bb button_on_hover=\u00bbon\u00bb text_overlay_color=\u00bbrgba(37,80,111,0.6)\u00bb body_font_size=\u00bb14&#8243; body_font_size_tablet=\u00bb14&#8243; body_font_size_phone=\u00bb14&#8243;] [\/et_pb_slide][et_pb_slide heading=\u00bbPeritoJudicialPsiquiatra.com\u00bb background_color=\u00bb#f7f7f7&#8243; alignment=\u00bbcenter\u00bb background_layout=\u00bbdark\u00bb background_image=\u00bbhttps:\/\/peritojudicialpsiquiatra.com\/informes-peritaje\/wp-content\/uploads\/2016\/06\/slider-2-2.jpg\u00bb background_position=\u00bbdefault\u00bb background_size=\u00bbdefault\u00bb use_bg_overlay=\u00bboff\u00bb use_text_overlay=\u00bbon\u00bb allow_player_pause=\u00bboff\u00bb text_border_radius=\u00bb3&#8243; header_font_select=\u00bbdefault\u00bb header_font=\u00bb||||\u00bb body_font_select=\u00bbdefault\u00bb body_font=\u00bb||||\u00bb custom_button=\u00bboff\u00bb button_font_select=\u00bbdefault\u00bb button_font=\u00bb||||\u00bb button_use_icon=\u00bbdefault\u00bb button_icon_placement=\u00bbright\u00bb button_on_hover=\u00bbon\u00bb text_overlay_color=\u00bbrgba(37,80,111,0.6)\u00bb body_font_size=\u00bb14&#8243; body_font_size_tablet=\u00bb14&#8243; body_font_size_phone=\u00bb14&#8243;] [\/et_pb_slide][et_pb_slide heading=\u00bbPeritoJudicialPsiquiatra.com\u00bb background_color=\u00bb#f7f7f7&#8243; alignment=\u00bbcenter\u00bb background_layout=\u00bbdark\u00bb background_image=\u00bbhttps:\/\/peritojudicialpsiquiatra.com\/informes-peritaje\/wp-content\/uploads\/2016\/06\/slider-3-3.jpg\u00bb background_position=\u00bbdefault\u00bb background_size=\u00bbdefault\u00bb use_bg_overlay=\u00bboff\u00bb use_text_overlay=\u00bbon\u00bb allow_player_pause=\u00bboff\u00bb text_border_radius=\u00bb3&#8243; header_font_select=\u00bbdefault\u00bb header_font=\u00bb||||\u00bb body_font_select=\u00bbdefault\u00bb body_font=\u00bb||||\u00bb custom_button=\u00bboff\u00bb button_font_select=\u00bbdefault\u00bb button_font=\u00bb||||\u00bb button_use_icon=\u00bbdefault\u00bb button_icon_placement=\u00bbright\u00bb button_on_hover=\u00bbon\u00bb text_overlay_color=\u00bbrgba(37,80,111,0.6)\u00bb body_font_size=\u00bb14&#8243; body_font_size_tablet=\u00bb14&#8243; body_font_size_phone=\u00bb14&#8243;] [\/et_pb_slide][et_pb_slide heading=\u00bbPeritoJudicialPsiquiatra.com\u00bb background_color=\u00bb#f7f7f7&#8243; alignment=\u00bbcenter\u00bb background_layout=\u00bbdark\u00bb background_image=\u00bbhttps:\/\/peritojudicialpsiquiatra.com\/informes-peritaje\/wp-content\/uploads\/2016\/06\/slider-5-5.jpg\u00bb background_position=\u00bbdefault\u00bb background_size=\u00bbdefault\u00bb use_bg_overlay=\u00bboff\u00bb use_text_overlay=\u00bbon\u00bb allow_player_pause=\u00bboff\u00bb text_border_radius=\u00bb3&#8243; header_font_select=\u00bbdefault\u00bb header_font=\u00bb||||\u00bb body_font_select=\u00bbdefault\u00bb body_font=\u00bb||||\u00bb custom_button=\u00bboff\u00bb button_font_select=\u00bbdefault\u00bb button_font=\u00bb||||\u00bb button_use_icon=\u00bbdefault\u00bb button_icon_placement=\u00bbright\u00bb button_on_hover=\u00bbon\u00bb text_overlay_color=\u00bbrgba(37,80,111,0.6)\u00bb body_font_size=\u00bb14&#8243; body_font_size_tablet=\u00bb14&#8243; body_font_size_phone=\u00bb14&#8243;] [\/et_pb_slide] [\/et_pb_fullwidth_slider][\/et_pb_section][et_pb_section admin_label=\u00bbsection\u00bb background_color=\u00bb#cdcdcd\u00bb inner_shadow=\u00bboff\u00bb parallax=\u00bboff\u00bb transparent_background=\u00bboff\u00bb allow_player_pause=\u00bboff\u00bb parallax_method=\u00bboff\u00bb padding_mobile=\u00bboff\u00bb make_fullwidth=\u00bboff\u00bb use_custom_width=\u00bboff\u00bb width_unit=\u00bbon\u00bb make_equal=\u00bboff\u00bb use_custom_gutter=\u00bboff\u00bb][et_pb_row admin_label=\u00bbFila\u00bb][et_pb_column type=\u00bb4_4&#8243;][et_pb_divider admin_label=\u00bbSeparador\u00bb color=\u00bb#ffffff\u00bb show_divider=\u00bboff\u00bb height=\u00bb50px\u00bb divider_style=\u00bbsolid\u00bb divider_position=\u00bbtop\u00bb hide_on_mobile=\u00bbon\u00bb] [\/et_pb_divider][\/et_pb_column][\/et_pb_row][et_pb_row admin_label=\u00bbrow\u00bb][et_pb_column type=\u00bb1_3&#8243;][et_pb_blurb admin_label=\u00bbASISTENCIA A V\u00cdCTIMAS\u00bb title=\u00bbASISTENCIA A V\u00cdCTIMAS\u00bb url_new_window=\u00bboff\u00bb use_icon=\u00bbon\u00bb icon_color=\u00bb#25506f\u00bb use_circle=\u00bboff\u00bb circle_color=\u00bb#2ea3f2&#8243; use_circle_border=\u00bboff\u00bb circle_border_color=\u00bb#2ea3f2&#8243; icon_placement=\u00bbtop\u00bb animation=\u00bbtop\u00bb background_layout=\u00bbdark\u00bb text_orientation=\u00bbcenter\u00bb use_icon_font_size=\u00bbon\u00bb use_border_color=\u00bboff\u00bb border_color=\u00bb#ffffff\u00bb border_style=\u00bbsolid\u00bb url=\u00bbhttps:\/\/peritojudicialpsiquiatra.com\/informes-peritaje\/index.php\/asistencia-a-victimas\/\u00bb font_icon=\u00bb%%49%%\u00bb icon_font_size=\u00bb50px\u00bb background_color=\u00bb#43a3c0&#8243;]<\/p>\n<p>Orientaci\u00f3n sobre todas las cuestiones legales relacionadas con las repercusiones psiqui\u00e1tricas y psicol\u00f3gicas.<\/p>\n<p>[\/et_pb_blurb][\/et_pb_column][et_pb_column type=\u00bb1_3&#8243;][et_pb_blurb admin_label=\u00bbINFORMES Y ASESOR\u00cdA\u00bb title=\u00bbINFORMES Y ASESOR\u00cdA\u00bb url_new_window=\u00bboff\u00bb use_icon=\u00bbon\u00bb icon_color=\u00bb#25506f\u00bb use_circle=\u00bboff\u00bb circle_color=\u00bb#2ea3f2&#8243; use_circle_border=\u00bboff\u00bb circle_border_color=\u00bb#2ea3f2&#8243; icon_placement=\u00bbtop\u00bb animation=\u00bbtop\u00bb background_layout=\u00bbdark\u00bb text_orientation=\u00bbcenter\u00bb use_icon_font_size=\u00bbon\u00bb use_border_color=\u00bboff\u00bb border_color=\u00bb#ffffff\u00bb border_style=\u00bbsolid\u00bb url=\u00bbhttps:\/\/peritojudicialpsiquiatra.com\/informes-peritaje\/index.php\/informes-y-asesoria\/\u00bb font_icon=\u00bb%%72%%\u00bb icon_font_size=\u00bb50px\u00bb custom_margin=\u00bb0px|0px|0px|0px\u00bb module_class=\u00bbnoborde\u00bb]<\/p>\n<p>Asesoramiento y elaboraci\u00f3n de informes cl\u00ednicos y periciales dentro del campo de la psiquiatr\u00eda y de la psicolog\u00eda<\/p>\n<p>[\/et_pb_blurb][\/et_pb_column][et_pb_column type=\u00bb1_3&#8243;][et_pb_blurb admin_label=\u00bbNEGLIGENCIAS M\u00c9DICAS\u00bb title=\u00bbNEGLIGENCIAS M\u00c9DICAS\u00bb url_new_window=\u00bboff\u00bb use_icon=\u00bbon\u00bb icon_color=\u00bb#25506f\u00bb use_circle=\u00bboff\u00bb circle_color=\u00bb#2ea3f2&#8243; use_circle_border=\u00bboff\u00bb circle_border_color=\u00bb#2ea3f2&#8243; icon_placement=\u00bbtop\u00bb animation=\u00bbtop\u00bb background_layout=\u00bbdark\u00bb text_orientation=\u00bbcenter\u00bb use_icon_font_size=\u00bbon\u00bb use_border_color=\u00bboff\u00bb border_color=\u00bb#ffffff\u00bb border_style=\u00bbsolid\u00bb url=\u00bbhttps:\/\/peritojudicialpsiquiatra.com\/informes-peritaje\/index.php\/negligencias-medicas\/\u00bb font_icon=\u00bb%%168%%\u00bb icon_font_size=\u00bb50px\u00bb]<\/p>\n<p>Valoraci\u00f3n de las repercusiones psiqui\u00e1tricas y psicol\u00f3gicas de las malas pr\u00e1cticas m\u00e9dicas<\/p>\n<p>[\/et_pb_blurb][\/et_pb_column][\/et_pb_row][et_pb_row admin_label=\u00bbFila\u00bb][et_pb_column type=\u00bb4_4&#8243;][et_pb_divider admin_label=\u00bbSeparador\u00bb color=\u00bb#ffffff\u00bb show_divider=\u00bboff\u00bb height=\u00bb40px\u00bb divider_style=\u00bbsolid\u00bb divider_position=\u00bbtop\u00bb hide_on_mobile=\u00bbon\u00bb] [\/et_pb_divider][\/et_pb_column][\/et_pb_row][et_pb_row admin_label=\u00bbrow\u00bb][et_pb_column type=\u00bb1_2&#8243;][et_pb_blurb admin_label=\u00bbINCAPACIDADES Y MINUSVAL\u00cdAS\u00bb title=\u00bbINCAPACIDADES Y MINUSVAL\u00cdAS\u00bb url_new_window=\u00bboff\u00bb use_icon=\u00bbon\u00bb icon_color=\u00bb#25506f\u00bb use_circle=\u00bboff\u00bb circle_color=\u00bb#2ea3f2&#8243; use_circle_border=\u00bboff\u00bb circle_border_color=\u00bb#2ea3f2&#8243; icon_placement=\u00bbtop\u00bb animation=\u00bbtop\u00bb background_layout=\u00bbdark\u00bb text_orientation=\u00bbcenter\u00bb use_icon_font_size=\u00bbon\u00bb use_border_color=\u00bboff\u00bb border_color=\u00bb#ffffff\u00bb border_style=\u00bbsolid\u00bb url=\u00bbhttps:\/\/peritojudicialpsiquiatra.com\/informes-peritaje\/index.php\/incapacidades-y-minusvalias\/\u00bb font_icon=\u00bb%%163%%\u00bb icon_font_size=\u00bb50px\u00bb]<\/p>\n<p>Evaluaciones e informes de patolog\u00edas psiqui\u00e1tricas susceptibles de minusval\u00edas e incapacidades<\/p>\n<p>[\/et_pb_blurb][\/et_pb_column][et_pb_column type=\u00bb1_2&#8243;][et_pb_blurb admin_label=\u00bbACCIDENTES\u00bb title=\u00bbACCIDENTES\u00bb url_new_window=\u00bboff\u00bb use_icon=\u00bbon\u00bb icon_color=\u00bb#25506f\u00bb use_circle=\u00bboff\u00bb circle_color=\u00bb#2ea3f2&#8243; use_circle_border=\u00bboff\u00bb circle_border_color=\u00bb#2ea3f2&#8243; icon_placement=\u00bbtop\u00bb animation=\u00bbtop\u00bb background_layout=\u00bbdark\u00bb text_orientation=\u00bbcenter\u00bb use_icon_font_size=\u00bbon\u00bb use_border_color=\u00bboff\u00bb border_color=\u00bb#ffffff\u00bb border_style=\u00bbsolid\u00bb url=\u00bbhttps:\/\/peritojudicialpsiquiatra.com\/informes-peritaje\/index.php\/accidentes-2\/\u00bb font_icon=\u00bb%%110%%\u00bb icon_font_size=\u00bb50px\u00bb]<\/p>\n<p>Informes sobre todas las cuestiones relevantes relacionadas con la psicolog\u00eda y la psiquiatr\u00eda en la reclamaci\u00f3n de da\u00f1os<\/p>\n<p>[\/et_pb_blurb][\/et_pb_column][\/et_pb_row][et_pb_row admin_label=\u00bbFila\u00bb][et_pb_column type=\u00bb4_4&#8243;][et_pb_divider admin_label=\u00bbSeparador\u00bb color=\u00bb#ffffff\u00bb show_divider=\u00bboff\u00bb height=\u00bb50px\u00bb divider_style=\u00bbsolid\u00bb divider_position=\u00bbtop\u00bb hide_on_mobile=\u00bbon\u00bb] [\/et_pb_divider][\/et_pb_column][\/et_pb_row][\/et_pb_section][et_pb_section admin_label=\u00bbsection\u00bb fullwidth=\u00bboff\u00bb specialty=\u00bboff\u00bb background_color=\u00bb#25506f\u00bb inner_shadow=\u00bbon\u00bb parallax=\u00bboff\u00bb transparent_background=\u00bboff\u00bb allow_player_pause=\u00bboff\u00bb parallax_method=\u00bboff\u00bb padding_mobile=\u00bboff\u00bb make_fullwidth=\u00bboff\u00bb use_custom_width=\u00bboff\u00bb width_unit=\u00bbon\u00bb make_equal=\u00bboff\u00bb use_custom_gutter=\u00bboff\u00bb][et_pb_row admin_label=\u00bbrow\u00bb][et_pb_column type=\u00bb4_4&#8243;][et_pb_cta admin_label=\u00bbCall To Action\u00bb button_url=\u00bbhttps:\/\/peritojudicialpsiquiatra.com\/informes-peritaje\/index.php\/contacto\/\u00bb button_text=\u00bbSolicitar Informaci\u00f3n\u00bb use_background_color=\u00bboff\u00bb background_color=\u00bb#2ea3f2&#8243; background_layout=\u00bbdark\u00bb text_orientation=\u00bbcenter\u00bb title=\u00bb Tel\u00e9fono: 91 550 15 42&#8243; url_new_window=\u00bboff\u00bb use_border_color=\u00bboff\u00bb border_color=\u00bb#ffffff\u00bb border_style=\u00bbsolid\u00bb custom_button=\u00bboff\u00bb button_letter_spacing=\u00bb0&#8243; button_use_icon=\u00bbdefault\u00bb button_icon_placement=\u00bbright\u00bb button_on_hover=\u00bbon\u00bb button_letter_spacing_hover=\u00bb0&#8243;]<\/p>\n<h4 style=\"text-align: center;\">\u00a0info@peritojudicialpsiquiatra.com<\/h4>\n<p>[\/et_pb_cta][\/et_pb_column][\/et_pb_row][\/et_pb_section]<\/p>\n","protected":false},"excerpt":{"rendered":"<p>Orientaci\u00f3n sobre todas las cuestiones legales relacionadas con las repercusiones psiqui\u00e1tricas y psicol\u00f3gicas. Asesoramiento y elaboraci\u00f3n de informes cl\u00ednicos y periciales dentro del campo de la psiquiatr\u00eda y de la psicolog\u00eda Valoraci\u00f3n de las repercusiones psiqui\u00e1tricas y psicol\u00f3gicas de las malas pr\u00e1cticas m\u00e9dicas Evaluaciones e informes de patolog\u00edas psiqui\u00e1tricas susceptibles de minusval\u00edas e incapacidades Informes [&hellip;]<\/p>\n","protected":false},"author":1,"featured_media":0,"parent":0,"menu_order":0,"comment_status":"closed","ping_status":"open","template":"","meta":{"_et_pb_use_builder":"on","_et_pb_old_content":"<p>Esto es una p\u00e1gina de ejemplo. Es diferente a una entrada porque permanece fija en un lugar y se mostrar\u00e1 en la navegaci\u00f3n de tu sitio (en la mayor\u00eda de los temas). La mayor\u00eda de la gente empieza con una p\u00e1gina de Acerca de, que les presenta a los potenciales visitantes del sitio. Podr\u00eda ser algo como esto:<\/p><blockquote><p>\u00a1Hola! Soy mensajero por el d\u00eda, aspirante a actor por la noche, y este es mi blog. Vivo en Madrid, tengo un perrazo llamado Duque y me gustan las pi\u00f1as coladas (y que me pille un chaparr\u00f3n)<\/p><\/blockquote><p>...o algo as\u00ed:<\/p><blockquote><p>La empresa XYZ se fund\u00f3 en 1971 y ha estado ofreciendo \"cosas\" de calidad al p\u00fablico desde entonces. Situada en Madrid, XYZ emplea a m\u00e1s de 2.000 personas y hace todo tipo de cosas sorprendentes para la comunidad de Madrid.<\/p><\/blockquote><p>Si eres nuevo en WordPress deber\u00edas ir a <a href=\"https:\/\/peritojudicialpsiquiatra.com\/informes-peritaje\/wp-admin\/\">tu escritorio<\/a> para borrar esta p\u00e1gina y crear p\u00e1ginas nuevas con tu propio contenido. \u00a1P\u00e1salo bien!<\/p>","_et_gb_content_width":""},"_links":{"self":[{"href":"https:\/\/peritojudicialpsiquiatra.com\/informes-peritaje\/wp-json\/wp\/v2\/pages\/2"}],"collection":[{"href":"https:\/\/peritojudicialpsiquiatra.com\/informes-peritaje\/wp-json\/wp\/v2\/pages"}],"about":[{"href":"https:\/\/peritojudicialpsiquiatra.com\/informes-peritaje\/wp-json\/wp\/v2\/types\/page"}],"author":[{"embeddable":true,"href":"https:\/\/peritojudicialpsiquiatra.com\/informes-peritaje\/wp-json\/wp\/v2\/users\/1"}],"replies":[{"embeddable":true,"href":"https:\/\/peritojudicialpsiquiatra.com\/informes-peritaje\/wp-json\/wp\/v2\/comments?post=2"}],"version-history":[{"count":100,"href":"https:\/\/peritojudicialpsiquiatra.com\/informes-peritaje\/wp-json\/wp\/v2\/pages\/2\/revisions"}],"predecessor-version":[{"id":750,"href":"https:\/\/peritojudicialpsiquiatra.com\/informes-peritaje\/wp-json\/wp\/v2\/pages\/2\/revisions\/750"}],"wp:attachment":[{"href":"https:\/\/peritojudicialpsiquiatra.com\/informes-peritaje\/wp-json\/wp\/v2\/media?parent=2"}],"curies":[{"name":"wp","href":"https:\/\/api.w.org\/{rel}","templated":true}]}}