{"id":266,"date":"2016-07-05T08:32:08","date_gmt":"2016-07-05T06:32:08","guid":{"rendered":"https:\/\/peritojudicialpsiquiatra.com\/informes-peritaje\/?page_id=266"},"modified":"2016-07-18T10:33:40","modified_gmt":"2016-07-18T08:33:40","slug":"negligencias-medicas","status":"publish","type":"page","link":"https:\/\/peritojudicialpsiquiatra.com\/informes-peritaje\/negligencias-medicas\/","title":{"rendered":"Negligencias M\u00e9dicas"},"content":{"rendered":"<p>[et_pb_section admin_label=\u00bbSecci\u00f3n\u00bb fullwidth=\u00bbon\u00bb specialty=\u00bboff\u00bb transparent_background=\u00bboff\u00bb background_color=\u00bb#e1cea6&#8243; allow_player_pause=\u00bboff\u00bb inner_shadow=\u00bboff\u00bb parallax=\u00bboff\u00bb parallax_method=\u00bboff\u00bb padding_mobile=\u00bboff\u00bb make_fullwidth=\u00bboff\u00bb use_custom_width=\u00bboff\u00bb width_unit=\u00bbon\u00bb make_equal=\u00bboff\u00bb use_custom_gutter=\u00bboff\u00bb][et_pb_fullwidth_slider admin_label=\u00bbControl deslizante de anchura completa\u00bb show_arrows=\u00bboff\u00bb show_pagination=\u00bboff\u00bb auto=\u00bboff\u00bb auto_ignore_hover=\u00bboff\u00bb parallax=\u00bboff\u00bb parallax_method=\u00bboff\u00bb remove_inner_shadow=\u00bboff\u00bb background_position=\u00bbdefault\u00bb background_size=\u00bbdefault\u00bb hide_content_on_mobile=\u00bboff\u00bb hide_cta_on_mobile=\u00bboff\u00bb show_image_video_mobile=\u00bboff\u00bb custom_button=\u00bboff\u00bb button_letter_spacing=\u00bb0&#8243; button_use_icon=\u00bbdefault\u00bb button_icon_placement=\u00bbright\u00bb button_on_hover=\u00bbon\u00bb button_letter_spacing_hover=\u00bb0&#8243; custom_css_slide_title=\u00bbpadding: 6% 8%;\u00bb] [et_pb_slide heading=\u00bbNegligencias M\u00e9dicas\u00bb background_image=\u00bbhttps:\/\/peritojudicialpsiquiatra.com\/informes-peritaje\/wp-content\/uploads\/2016\/06\/negligencias-medicas-franja-2.jpg\u00bb background_position=\u00bbdefault\u00bb background_size=\u00bbinitial\u00bb background_color=\u00bb#ffffff\u00bb use_bg_overlay=\u00bboff\u00bb use_text_overlay=\u00bbon\u00bb text_overlay_color=\u00bbrgba(37,80,111,0.6)\u00bb alignment=\u00bbcenter\u00bb background_layout=\u00bbdark\u00bb allow_player_pause=\u00bboff\u00bb text_border_radius=\u00bb3&#8243; header_font_select=\u00bbdefault\u00bb header_font=\u00bb||||\u00bb body_font_select=\u00bbdefault\u00bb body_font=\u00bb||||\u00bb custom_button=\u00bboff\u00bb button_font_select=\u00bbdefault\u00bb button_font=\u00bb||||\u00bb button_use_icon=\u00bbdefault\u00bb button_icon_placement=\u00bbright\u00bb button_on_hover=\u00bbon\u00bb custom_css_slide_container=\u00bbheight:228px;\u00bb custom_css_slide_description=\u00bbpadding: 2% 8%;\u00bb custom_css_slide_title=\u00bbpadding: 2% 8%; margin: 132px 0px 0px;\u00bb][\/et_pb_slide] [\/et_pb_fullwidth_slider][\/et_pb_section][et_pb_section admin_label=\u00bbSecci\u00f3n\u00bb fullwidth=\u00bboff\u00bb specialty=\u00bboff\u00bb transparent_background=\u00bboff\u00bb background_color=\u00bb#cdcdcd\u00bb allow_player_pause=\u00bboff\u00bb inner_shadow=\u00bboff\u00bb parallax=\u00bboff\u00bb parallax_method=\u00bboff\u00bb padding_mobile=\u00bboff\u00bb make_fullwidth=\u00bboff\u00bb use_custom_width=\u00bboff\u00bb width_unit=\u00bbon\u00bb make_equal=\u00bboff\u00bb use_custom_gutter=\u00bboff\u00bb][et_pb_row admin_label=\u00bbFila\u00bb][et_pb_column type=\u00bb4_4&#8243;][et_pb_divider admin_label=\u00bbSeparador\u00bb color=\u00bb#ffffff\u00bb show_divider=\u00bboff\u00bb height=\u00bb0&#8243; divider_style=\u00bbsolid\u00bb divider_position=\u00bbtop\u00bb hide_on_mobile=\u00bbon\u00bb] [\/et_pb_divider][\/et_pb_column][\/et_pb_row][et_pb_row admin_label=\u00bbFila\u00bb][et_pb_column type=\u00bb1_2&#8243;][et_pb_text admin_label=\u00bbTexto\u00bb background_layout=\u00bblight\u00bb text_orientation=\u00bbleft\u00bb use_border_color=\u00bboff\u00bb border_color=\u00bb#ffffff\u00bb border_style=\u00bbsolid\u00bb text_font_size=\u00bb17&#8243; text_font_size_tablet=\u00bb16&#8243; text_font_size_phone=\u00bb15&#8243; text_font_size_last_edited=\u00bbon|phone\u00bb text_text_color=\u00bb#444444&#8243;]<\/p>\n<p style=\"text-align: justify;\">En el campo de la psiquiatr\u00eda <strong>realizamos informes<\/strong> en los que fundamentamos, desde un punto de vista m\u00e1s objetivo, <strong>si se incumplen los protocolos de actuaci\u00f3n<\/strong> y las normas deontol\u00f3gicas de la profesi\u00f3n.<\/p>\n<p style=\"text-align: justify;\"><strong>Valoramos las actuaciones<\/strong> en las que pueda existir una mala pr\u00e1ctica profesional en casos de suicidio.<\/p>\n<p style=\"text-align: justify;\"><strong>Valoramos las repercusiones<\/strong> psiqui\u00e1tricas y psicol\u00f3gicas <strong>que tienen las negligencias y malas praxis<\/strong> de las actuaciones m\u00e9dicas.<\/p>\n<p>[\/et_pb_text][\/et_pb_column][et_pb_column type=\u00bb1_2&#8243;][et_pb_image admin_label=\u00bbImagen\u00bb src=\u00bbhttps:\/\/peritojudicialpsiquiatra.com\/informes-peritaje\/wp-content\/uploads\/2016\/07\/negligencias-medicas-contenido.jpg\u00bb show_in_lightbox=\u00bboff\u00bb url_new_window=\u00bboff\u00bb use_overlay=\u00bboff\u00bb animation=\u00bbleft\u00bb sticky=\u00bboff\u00bb align=\u00bbleft\u00bb force_fullwidth=\u00bboff\u00bb always_center_on_mobile=\u00bbon\u00bb use_border_color=\u00bboff\u00bb border_color=\u00bb#ffffff\u00bb border_style=\u00bbsolid\u00bb] [\/et_pb_image][\/et_pb_column][\/et_pb_row][et_pb_row admin_label=\u00bbFila\u00bb][et_pb_column type=\u00bb4_4&#8243;][et_pb_divider admin_label=\u00bbSeparador\u00bb color=\u00bb#ffffff\u00bb show_divider=\u00bboff\u00bb height=\u00bb30px\u00bb divider_style=\u00bbsolid\u00bb divider_position=\u00bbtop\u00bb hide_on_mobile=\u00bbon\u00bb] [\/et_pb_divider][\/et_pb_column][\/et_pb_row][\/et_pb_section][et_pb_section admin_label=\u00bbsection\u00bb fullwidth=\u00bboff\u00bb specialty=\u00bboff\u00bb background_color=\u00bb#25506f\u00bb inner_shadow=\u00bbon\u00bb parallax=\u00bboff\u00bb transparent_background=\u00bboff\u00bb allow_player_pause=\u00bboff\u00bb parallax_method=\u00bboff\u00bb padding_mobile=\u00bboff\u00bb make_fullwidth=\u00bboff\u00bb use_custom_width=\u00bboff\u00bb width_unit=\u00bbon\u00bb make_equal=\u00bboff\u00bb use_custom_gutter=\u00bboff\u00bb][et_pb_row admin_label=\u00bbrow\u00bb][et_pb_column type=\u00bb4_4&#8243;][et_pb_cta admin_label=\u00bbCall To Action\u00bb button_url=\u00bbhttps:\/\/peritojudicialpsiquiatra.com\/informes-peritaje\/index.php\/contacto\/\u00bb button_text=\u00bbSolicitar Informaci\u00f3n\u00bb use_background_color=\u00bboff\u00bb background_color=\u00bb#2ea3f2&#8243; background_layout=\u00bbdark\u00bb text_orientation=\u00bbcenter\u00bb title=\u00bb Tel\u00e9fono: 91 550 15 42&#8243; url_new_window=\u00bboff\u00bb use_border_color=\u00bboff\u00bb border_color=\u00bb#ffffff\u00bb border_style=\u00bbsolid\u00bb custom_button=\u00bboff\u00bb button_letter_spacing=\u00bb0&#8243; button_use_icon=\u00bbdefault\u00bb button_icon_placement=\u00bbright\u00bb button_on_hover=\u00bbon\u00bb button_letter_spacing_hover=\u00bb0&#8243;]<\/p>\n<h4 style=\"text-align: center;\">\u00a0info@peritojudicialpsiquiatra.com<\/h4>\n<p>[\/et_pb_cta][\/et_pb_column][\/et_pb_row][\/et_pb_section]<\/p>\n","protected":false},"excerpt":{"rendered":"<p>En el campo de la psiquiatr\u00eda realizamos informes en los que fundamentamos, desde un punto de vista m\u00e1s objetivo, si se incumplen los protocolos de actuaci\u00f3n y las normas deontol\u00f3gicas de la profesi\u00f3n. Valoramos las actuaciones en las que pueda existir una mala pr\u00e1ctica profesional en casos de suicidio. Valoramos las repercusiones psiqui\u00e1tricas y psicol\u00f3gicas [&hellip;]<\/p>\n","protected":false},"author":2,"featured_media":0,"parent":0,"menu_order":0,"comment_status":"closed","ping_status":"closed","template":"","meta":{"_et_pb_use_builder":"on","_et_pb_old_content":"<p>NEGLIGENCIAS M\u00c9DICAS (foto del libro ardiendo)<\/p><p>En el campo de la psiquiatr\u00eda realizamos informes en los que fundamentamos, desde un punto de vista m\u00e1s objetivo, si se incumplen los protocolos de actuaci\u00f3n y las normas deontol\u00f3gicas de la profesi\u00f3n.<\/p><p>Valoramos las actuaciones en las que pueda existir un mala pr\u00e1ctica profesional en casos de suicidio.<\/p><p>Valoramos las repercusiones psiqui\u00e1tricas y psicol\u00f3gicas que tienen las negligencias y malas praxis de las actuaciones m\u00e9dicas.<\/p>","_et_gb_content_width":""},"_links":{"self":[{"href":"https:\/\/peritojudicialpsiquiatra.com\/informes-peritaje\/wp-json\/wp\/v2\/pages\/266"}],"collection":[{"href":"https:\/\/peritojudicialpsiquiatra.com\/informes-peritaje\/wp-json\/wp\/v2\/pages"}],"about":[{"href":"https:\/\/peritojudicialpsiquiatra.com\/informes-peritaje\/wp-json\/wp\/v2\/types\/page"}],"author":[{"embeddable":true,"href":"https:\/\/peritojudicialpsiquiatra.com\/informes-peritaje\/wp-json\/wp\/v2\/users\/2"}],"replies":[{"embeddable":true,"href":"https:\/\/peritojudicialpsiquiatra.com\/informes-peritaje\/wp-json\/wp\/v2\/comments?post=266"}],"version-history":[{"count":17,"href":"https:\/\/peritojudicialpsiquiatra.com\/informes-peritaje\/wp-json\/wp\/v2\/pages\/266\/revisions"}],"predecessor-version":[{"id":727,"href":"https:\/\/peritojudicialpsiquiatra.com\/informes-peritaje\/wp-json\/wp\/v2\/pages\/266\/revisions\/727"}],"wp:attachment":[{"href":"https:\/\/peritojudicialpsiquiatra.com\/informes-peritaje\/wp-json\/wp\/v2\/media?parent=266"}],"curies":[{"name":"wp","href":"https:\/\/api.w.org\/{rel}","templated":true}]}}